{"id":97,"date":"2018-08-05T18:43:20","date_gmt":"2018-08-05T18:43:20","guid":{"rendered":"http:\/\/daas-ev.org\/?page_id=97"},"modified":"2018-08-20T19:46:37","modified_gmt":"2018-08-20T19:46:37","slug":"guides-publications","status":"publish","type":"page","link":"https:\/\/daas-ev.org\/?page_id=97","title":{"rendered":"Guides &#038; Publications"},"content":{"rendered":"\n<p><strong>Useful links<\/strong><br\/><\/p>\n\n\n\n<p>Deutscher Akademischer Austauschdienst e.V.:<br\/> <a href=\"https:\/\/www.daad.de\/en\/\">https:\/\/www.daad.de\/en\/<\/a><\/p>\n\n\n\n<p>DAAD Initiative f\u00fcr transparente Studienf\u00f6rderung gemeinn\u00fctzige UG : <a href=\"https:\/\/www.mystipendium.de\/\">https:\/\/www.mystipendium.de\/<\/a><\/p>\n\n\n\n<p>Federal Ministry of Education and Research: <a href=\"https:\/\/www.bmbf.de\/en\/index.html\">https:\/\/www.bmbf.de\/en\/index.html<\/a><\/p>\n\n\n\n<p>The Maghreb Alexander Von Humboldt Alumni Association: <a href=\"https:\/\/sites.google.com\/site\/maghrebavhalumniassociation\/home\">https:\/\/sites.google.com\/site\/maghrebavhalumniassociation\/home<\/a> <\/p>\n\n\n\n<p>German Research Foundatio:<br\/> <a href=\"http:\/\/www.dfg.de\/en\/\">http:\/\/www.dfg.de\/en\/<\/a><\/p>\n","protected":false},"excerpt":{"rendered":"<p class=\"teaser\">Useful links Deutscher Akademischer Austauschdienst e.V.: https:\/\/www.daad.de\/en\/ DAAD Initiative f\u00fcr transparente Studienf\u00f6rderung gemeinn\u00fctzige UG : https:\/\/www.mystipendium.de\/ Federal Ministry of Education and Research: https:\/\/www.bmbf.de\/en\/index.html The Maghreb Alexander Von Humboldt Alumni Association: https:\/\/sites.google.com\/site\/maghrebavhalumniassociation\/home German Research Foundatio: http:\/\/www.dfg.de\/en\/<\/p>\n","protected":false},"author":7,"featured_media":0,"parent":8,"menu_order":1,"comment_status":"closed","ping_status":"closed","template":"","meta":{"footnotes":""},"class_list":["post-97","page","type-page","status-publish","hentry"],"_links":{"self":[{"href":"https:\/\/daas-ev.org\/index.php?rest_route=\/wp\/v2\/pages\/97","targetHints":{"allow":["GET"]}}],"collection":[{"href":"https:\/\/daas-ev.org\/index.php?rest_route=\/wp\/v2\/pages"}],"about":[{"href":"https:\/\/daas-ev.org\/index.php?rest_route=\/wp\/v2\/types\/page"}],"author":[{"embeddable":true,"href":"https:\/\/daas-ev.org\/index.php?rest_route=\/wp\/v2\/users\/7"}],"replies":[{"embeddable":true,"href":"https:\/\/daas-ev.org\/index.php?rest_route=%2Fwp%2Fv2%2Fcomments&post=97"}],"version-history":[{"count":4,"href":"https:\/\/daas-ev.org\/index.php?rest_route=\/wp\/v2\/pages\/97\/revisions"}],"predecessor-version":[{"id":203,"href":"https:\/\/daas-ev.org\/index.php?rest_route=\/wp\/v2\/pages\/97\/revisions\/203"}],"up":[{"embeddable":true,"href":"https:\/\/daas-ev.org\/index.php?rest_route=\/wp\/v2\/pages\/8"}],"wp:attachment":[{"href":"https:\/\/daas-ev.org\/index.php?rest_route=%2Fwp%2Fv2%2Fmedia&parent=97"}],"curies":[{"name":"wp","href":"https:\/\/api.w.org\/{rel}","templated":true}]}}