{"id":69,"date":"2018-08-05T15:32:33","date_gmt":"2018-08-05T15:32:33","guid":{"rendered":"http:\/\/daas-ev.org\/?page_id=69"},"modified":"2018-08-10T17:02:03","modified_gmt":"2018-08-10T17:02:03","slug":"privacy-policy","status":"publish","type":"page","link":"https:\/\/daas-ev.org\/?page_id=69","title":{"rendered":"Privacy Policy"},"content":{"rendered":"\n<ul class=\"wp-block-list\"><li><a href=\"http:\/\/dafg.eu\/de\/dafg\/dafg-satzung\/#1\"> 1 Name und Sitz des Vereins<\/a><\/li><\/ul>\n\n\n\n<p>Der Verein f\u00fchrt den Namen DAAS \u2013 Deutsch- Algerischer Akademiker und Studierender Verein e.V. und soll in das Vereinsregister beim Registergericht Berlin eingetragen werden. Der Verein hat seinen Sitz in Berlin.<\/p>\n\n\n\n<ul class=\"wp-block-list\"><li><a href=\"http:\/\/dafg.eu\/de\/dafg\/dafg-satzung\/#2\"> 2 Gemeinn\u00fctzigkeit<\/a><\/li><\/ul>\n\n\n\n<p>Der Verein verfolgt ausschlie\u00dflich und unmittelbar gemeinn\u00fctzige Zwecke im Sinne der Abgabenordnung. Er ist selbstlos t\u00e4tig und verfolgt nicht in erster Linie eigenwirtschaftliche Zwecke.<\/p>\n\n\n\n<ul class=\"wp-block-list\"><li><a href=\"http:\/\/dafg.eu\/de\/dafg\/dafg-satzung\/#3\"> 3 Zweck des Vereins<\/a><\/li><\/ul>\n\n\n\n<ul class=\"wp-block-list\"><li>St\u00e4rkung der wissenschaftlichen, akademischen und wirtschaftlichen deutsch. algerischen Beziehungen\/Zusammenarbeit.<\/li><li>F\u00f6rderung der bilateralen Mobilit\u00e4t von Studierenden, Lehr- und F\u00fchrungskr\u00e4ften etc. <\/li><li>Beratung und Hilfestellung f\u00fcr algerische Studierende sowie Lehr- und F\u00fchrungskr\u00e4fte in Deutschland. <\/li><li>Schaffung eines konstruktiven und nachhaltigen Austausches zwischen Studierenden und Lehr- und F\u00fchrungskr\u00e4ften in Deutschland. <\/li><li>F\u00f6rderung des Unternehmertums\/ Unternehmergeist<\/li><\/ul>\n\n\n\n<ul class=\"wp-block-list\"><li><a href=\"http:\/\/dafg.eu\/de\/dafg\/dafg-satzung\/#4\"> 4 Mitgliedschaft<\/a><\/li><\/ul>\n\n\n\n<p>Die Mitgliedschaft wird durch Aufnahme erworben und richtet sich nach vereinsinternen Kriterien. Es ist ein schriftlicher Aufnahmeantrag an den Verein zu richten. Der Vorstand entscheidet \u00fcber die Aufnahme von Neumitgliedern. \u00a0Die Aufnahme in den Verein ist von folgenden Kriterien abh\u00e4ngig: <\/p>\n\n\n\n<ol class=\"wp-block-list\"><li>Algerische und\/oder deutsche Staatsangeh\u00f6rigkeit, algerischer Migrationshintergrund und andere am algerisch-deutschen Austausch Interessierte, sofern der Vorstand die Ansicht vertreten kann, dass diese Mitgliedschaft lohnend f\u00fcr den Verein ist.<\/li><li>Wohnhaft in Deutschland<\/li><li>Student, Absolvent oder berufst\u00e4tige F\u00fchrungskraft<\/li><\/ol>\n\n\n\n<p>Die Aufnahme als Mitglied des Vereins erfordert das Vorhandensein aller drei Punkte<br\/><\/p>\n\n\n\n<ul class=\"wp-block-list\"><li>Juristische Personen k\u00f6nnen Mitglied des Vereins werden, sofern der Vorstand die Ansicht vertreten kann, dass diese Mitgliedschaft lohnend f\u00fcr den Verein ist. <\/li><li>Die Mitgliedschaft erfordert die Zahlung eines j\u00e4hrlichen Mitgliedsbeitrags<\/li><\/ul>\n\n\n\n<p>Der Austritt der Mitglieder erfolgt durch:<\/p>\n\n\n\n<ul class=\"wp-block-list\"><li>Schriftliche Aussage der Mitglieder zum Austritt zum Ende eines Kalenderjahres<\/li><li>Nach dreimaliger Zahlungsaufforderung bei Nichtzahlung des Mitgliedsbeitrags<\/li><li>Durch einstimmigen Beschluss des Vorstandes bei Handlungen von Mitgliedern, die gegens\u00e4tzlich zum Vereinszweck liegen.<\/li><li><a href=\"http:\/\/dafg.eu\/de\/dafg\/dafg-satzung\/#5\"> 5 Finanzierung, Gesch\u00e4ftsjahr<\/a><\/li><\/ul>\n\n\n\n<ol class=\"wp-block-list\"><li>Zur Finanzierung der Vereinszwecke dienen Beitr\u00e4ge, Spenden, Zuwendungen, Drittmittel, Dienstleistungen die vom Verein angeboten werden oder jedweden anderen Ressourcen die durch die Gesetzgebung zul\u00e4ssig sind. <\/li><li>Die H\u00f6he der Mitgliedsbeitr\u00e4ge setzt die Mitgliederversammlung fest. Die Mitgliedsbeitr\u00e4ge werden f\u00fcr ein Kalenderjahr erhoben. Ehrenmitglieder und Beiratsmitglieder zahlen freiwillige Beitr\u00e4ge. F\u00fcr Auszubildende, Studenten, Rentner, u.a. wird ein niedrigerer Beitrag beschlossen.<\/li><li>Die Einnahmen und Ausgaben f\u00fchrt der Schatzmeister Buch.<\/li><li>Zahlungsanweisungen bed\u00fcrfen der Unterschrift des Schatzmeisters und einer weiteren der in \u00a7 7 beschriebenen Personen.<\/li><li>Die Mittel des Vereins werden nur f\u00fcr satzungsm\u00e4\u00dfige Zwecke verwendet. Die Mitglieder erhalten keine Zuwendungen aus Mitteln des Vereins. Niemand darf durch Ausgaben beg\u00fcnstigt werden, die dem Zweck der K\u00f6rperschaft fremd sind, ebenso sind niemandem unverh\u00e4ltnism\u00e4\u00dfig hohe Verg\u00fctungen zu gew\u00e4hren.<\/li><li>Der Vorstand des Vereins hat daf\u00fcr zu sorgen, dass den Verein sein Charakter im Sinne der Bestimmungen der Finanzbeh\u00f6rden beh\u00e4lt.<\/li><li>Das Gesch\u00e4ftsjahr des Vereins ist das Kalenderjahr.<\/li><\/ol>\n\n\n\n<ul class=\"wp-block-list\"><li><a href=\"http:\/\/dafg.eu\/de\/dafg\/dafg-satzung\/#6\"> 6 Organe<\/a><\/li><\/ul>\n\n\n\n<p>Organe des Vereins sind:<\/p>\n\n\n\n<ol class=\"wp-block-list\"><li> der Vorstand<\/li><li> der Beirat<\/li><li> die Mitgliederversammlung<\/li><\/ol>\n\n\n\n<ul class=\"wp-block-list\"><li><a href=\"http:\/\/dafg.eu\/de\/dafg\/dafg-satzung\/#7\"> 7 Vorstand und Beirat<\/a><\/li><\/ul>\n\n\n\n<p><strong>Vorstand<\/strong><\/p>\n\n\n\n<p>Die Amtszeit des Vorstandes betr\u00e4gt drei Jahre. Die Wiederwahl von Vorstandsmitgliedern ist zul\u00e4ssig.<br\/><\/p>\n\n\n\n<p>Der Vorstand besteht aus folgenden Vereinsmitgliedern:<\/p>\n\n\n\n<ol class=\"wp-block-list\"><li>Der\/Dem Vorsitzender<\/li><li>3 StellvertreterInnen \u00a0<\/li><li>Der\/Dem SchatzmeisterIn <\/li><\/ol>\n\n\n\n<p>3 Vorstandsmitgliedern,: Mitgliederverwaltung, \u00d6ffentlichkeitsarbeit, Social- Media Beauftragte\/r <\/p>\n\n\n\n<ul class=\"wp-block-list\"><li>Der Vorstand gem\u00e4\u00df \u00a7 26 BGB besteht aus der\/dem Vorsitzende\/r, der\/dem Schatzmeisterln und den drei Stellvertreterlnnen gem\u00e4\u00df \u00a7 7 Nr. 1 b dieser Satzung. Sie vertreten den Verein jeweils zuzweit: die\/der Vorsitzender gemeinsam mit der\/ dem SchatzmeisterIn oder einer\/einem StellvertreterIn und im Verhinderungsfall der\/des Vorsitzender vertritt die\/der SchatzmeisterIn gemeinsam mit einer\/einem StellvertreterIn, wobei der Verhinderungsfall nicht nachgewiesen werden muss.<\/li><li>Die Amtszeit des Vorstandes betr\u00e4gt drei Jahre. Die Wiederwahl von Vorstandsmitgliedern ist zul\u00e4ssig. Im ersten Jahr werden die Mitglieder des Vorstands von den Gr\u00fcndungsmitgliedern gew\u00e4hlt. <\/li><li>Die Amtsdauer des Vorstands endet erst mit der Eintragung des neuen Vorstands in das Vereinsregister.<\/li><li>Ehrenpr\u00e4sidentIn des Vereins: Die\/Der Ehrenpr\u00e4sidentIn ber\u00e4t den Vorstand und ist zu den Vorstandssitzungen einzuladen. <\/li><\/ul>\n\n\n\n<p>Beirat:<\/p>\n\n\n\n<ul class=\"wp-block-list\"><li>Der Beirat soll den Vorstand bei der Durchf\u00fchrung des Arbeitsprogramms und in allen Fragen des deutsch-algerischen Verh\u00e4ltnisses beraten. Der Beirat soll aus maximal f\u00fcnf \u00a0Personen bestehen. <\/li><li>Der Vorstand w\u00e4hlt, in Abstimmung mit dem Vorsitzenden des Beirats, zus\u00e4tzlich solche Personen auf die Dauer von 3 Jahren in den Beirat, die in der Lage sind, die Aufgaben der Gesellschaft in besonderer Weise zu f\u00f6rdern, hierzu z\u00e4hlen insbesondere Vertreter wissenschaftlicher, kultureller oder sozialer Einrichtungen, bilateraler L\u00e4ndervereine mit Sitz in Deutschland <\/li><li>Der Beirat entsendet jeweils 4 seiner Mitglieder, <\/li><li>Der Vorstand kann Fachbeir\u00e4te einsetzen, deren Vorsitzende bestimmen und geeignet erscheinende Personen zu deren Mitgliedern berufen. Die Amtszeit als Mitglied eines Fachbeirates ist auf zwei Jahre beschr\u00e4nkt. Eine Verl\u00e4ngerung der Berufung ist m\u00f6glich.<\/li><\/ul>\n\n\n\n<ul class=\"wp-block-list\"><li><a href=\"http:\/\/dafg.eu\/de\/dafg\/dafg-satzung\/#8\"> 8 Mitgliederversammlung<\/a><\/li><\/ul>\n\n\n\n<ol class=\"wp-block-list\"><li>Die ordentliche Mitgliederversammlung findet einmal im Jahr statt.<\/li><li>Eine au\u00dferordentliche Mitgliederversammlung wird vom Pr\u00e4sidenten oder einem Vizepr\u00e4sidenten einberufen, wenn es das Gesellschaftsinteresse erfordert oder ein Viertel der Mitglieder die Einberufung schriftlich, unter Angabe der Gr\u00fcnde, beim Vorstand beantragen.<\/li><li>Die Einberufung hat schriftlich mit einer Frist von 4 Wochen zu erfolgen.<\/li><li>Der ordentlichen Mitgliederversammlung ist die ausschlie\u00dfliche Beschlussfassung vorbehalten \u00fcber:<\/li><\/ol>\n\n\n\n<ol class=\"wp-block-list\"><li>a) die Wahl der Mitglieder des Vorstandes;<\/li><li>b) die Genehmigung des Haushaltsplanes und die Entlastung des Vorstandes;<\/li><li>c) die Satzungs\u00e4nderung;<\/li><li>e) die Vereinsaufl\u00f6sung.<\/li><\/ol>\n\n\n\n<ol class=\"wp-block-list\"><li>Die Protokollierung der Beschl\u00fcsse der Mitgliederversammlung erfolgt in schriftlicher Form, unterzeichnet durch eine\/n Protokollf\u00fchrer\/in und eine\/n Versammlungsleiter\/in. <\/li><\/ol>\n\n\n\n<ul class=\"wp-block-list\"><li><a href=\"http:\/\/dafg.eu\/de\/dafg\/dafg-satzung\/#9\"> 9 Rechnungspr\u00fcfer<\/a><\/li><\/ul>\n\n\n\n<ol class=\"wp-block-list\"><li>Die Rechnungspr\u00fcferInnen gem\u00e4\u00df \u00a7 8\/6d dieser Satzung haben das Recht und die Pflicht, in Abstimmung mit dem Schatzmeister jederzeit, mindestens jedoch einmal im Kalenderjahr, rechtzeitig vor der Mitgliederversammlung die Kasse zu pr\u00fcfen.<\/li><li>Die Rechnungspr\u00fcferInnen haben das Ergebnis der Kassenpr\u00fcfung schriftlich festzuhalten und dem Vorstand und der Mitgliederversammlung wahrheitsgem\u00e4\u00df zu berichten.<\/li><\/ol>\n\n\n\n<ul class=\"wp-block-list\"><li><a href=\"http:\/\/dafg.eu\/de\/dafg\/dafg-satzung\/#10\"> 10 \u00c4nderung der Satzung &amp; Aufl\u00f6sung des Vereins<\/a><\/li><\/ul>\n\n\n\n<ol class=\"wp-block-list\"><li>Die Aufl\u00f6sung des Vereins kann von der Mitgliederversammlung nur mit einer Mehrheit von 2\/3 der vertretenen Stimmen beschlossen werden.<\/li><li>\u00c4nderungen der Satzung erfordern eine Mehrheit von zwei Dritteln der anwesenden Mitglieder.<\/li><\/ol>\n\n\n\n<ul class=\"wp-block-list\"><li><a href=\"http:\/\/dafg.eu\/de\/dafg\/dafg-satzung\/#11\"> 11 Gerichtstand<\/a><\/li><\/ul>\n\n\n\n<ol class=\"wp-block-list\"><li>Gerichtsstand des Vereins ist Berlin.<\/li><li>Diese Satzung wurde durch die Gr\u00fcndungsmitgliederversammlung am 04.03 .2017 beschlossen<\/li><\/ol>\n","protected":false},"excerpt":{"rendered":"<p class=\"teaser\">1 Name und Sitz des Vereins Der Verein f\u00fchrt den Namen DAAS \u2013 Deutsch- Algerischer Akademiker und Studierender Verein e.V. und soll in das Vereinsregister beim Registergericht Berlin eingetragen werden. Der Verein hat seinen Sitz in Berlin. 2 Gemeinn\u00fctzigkeit Der Verein verfolgt ausschlie\u00dflich und unmittelbar gemeinn\u00fctzige Zwecke im Sinne der Abgabenordnung. Er ist selbstlos t\u00e4tig &hellip;<\/p>\n","protected":false},"author":7,"featured_media":0,"parent":0,"menu_order":0,"comment_status":"closed","ping_status":"closed","template":"","meta":{"footnotes":""},"class_list":["post-69","page","type-page","status-publish","hentry"],"_links":{"self":[{"href":"https:\/\/daas-ev.org\/index.php?rest_route=\/wp\/v2\/pages\/69","targetHints":{"allow":["GET"]}}],"collection":[{"href":"https:\/\/daas-ev.org\/index.php?rest_route=\/wp\/v2\/pages"}],"about":[{"href":"https:\/\/daas-ev.org\/index.php?rest_route=\/wp\/v2\/types\/page"}],"author":[{"embeddable":true,"href":"https:\/\/daas-ev.org\/index.php?rest_route=\/wp\/v2\/users\/7"}],"replies":[{"embeddable":true,"href":"https:\/\/daas-ev.org\/index.php?rest_route=%2Fwp%2Fv2%2Fcomments&post=69"}],"version-history":[{"count":2,"href":"https:\/\/daas-ev.org\/index.php?rest_route=\/wp\/v2\/pages\/69\/revisions"}],"predecessor-version":[{"id":159,"href":"https:\/\/daas-ev.org\/index.php?rest_route=\/wp\/v2\/pages\/69\/revisions\/159"}],"wp:attachment":[{"href":"https:\/\/daas-ev.org\/index.php?rest_route=%2Fwp%2Fv2%2Fmedia&parent=69"}],"curies":[{"name":"wp","href":"https:\/\/api.w.org\/{rel}","templated":true}]}}