{"id":15,"date":"2018-02-14T10:56:10","date_gmt":"2018-02-14T10:56:10","guid":{"rendered":"http:\/\/daas-ev.org\/?page_id=15"},"modified":"2018-10-03T09:23:37","modified_gmt":"2018-10-03T09:23:37","slug":"about-us","status":"publish","type":"page","link":"https:\/\/daas-ev.org\/?page_id=15","title":{"rendered":"About Us"},"content":{"rendered":"<p>DAAS (Deutsch- Algerischer Akademiker und Studierender Verein e.V.) is a German association that support students, young graduates, researchers and professionals from an Algerian background in making a dent in Germany.<br \/>\nOur aim is to strenghens the bridges that exists between Algerian and Germany through academic and profesional integration.<\/p>\n<p><b>Goals<\/b><\/p>\n<ul>\n<li style=\"list-style-type: none;\">\n<ul>\n<li style=\"font-weight: 400;\"><span style=\"font-weight: 400;\">St\u00e4rkung der wissenschaftlichen, akademischen und wirtschaftlichen deutsch. algerischen Beziehungen\/Zusammenarbeit.<\/span><\/li>\n<\/ul>\n<\/li>\n<\/ul>\n<ul>\n<li style=\"list-style-type: none;\">\n<ul>\n<li style=\"font-weight: 400;\"><span style=\"font-weight: 400;\">F\u00f6rderung der bilateralen Mobilit\u00e4t von Studierenden, Lehr- und F\u00fchrungskr\u00e4ften etc. <\/span><\/li>\n<\/ul>\n<\/li>\n<\/ul>\n<ul>\n<li style=\"list-style-type: none;\">\n<ul>\n<li style=\"font-weight: 400;\"><span style=\"font-weight: 400;\">Beratung und Hilfestellung f\u00fcr algerische Studierende sowie Lehr- und F\u00fchrungskr\u00e4fte in Deutschland. <\/span><\/li>\n<\/ul>\n<\/li>\n<\/ul>\n<ul>\n<li style=\"list-style-type: none;\">\n<ul>\n<li style=\"font-weight: 400;\"><span style=\"font-weight: 400;\">Schaffung eines konstruktiven und nachhaltigen Austausches zwischen Studierenden und Lehr- und F\u00fchrungskr\u00e4ften in Deutschland. <\/span><\/li>\n<\/ul>\n<\/li>\n<\/ul>\n<ul>\n<li style=\"font-weight: 400;\"><span style=\"font-weight: 400;\">F\u00f6rderung des Unternehmertums\/ Unternehmergeist<\/span><\/li>\n<\/ul>\n<p><b>Organization <\/b><\/p>\n<p><b>Chairman\/ President :<\/b> <b>Dr. Redha Mazoun:<\/b><\/p>\n<p><span style=\"font-weight: 400;\">PhD Architecture from the Technical University of Berlin<\/span><\/p>\n<p><span style=\"font-weight: 400;\">Dipl.- Ing Architect from l\u2019Ecole polytechnique d\u2019architecture et d\u2019urbanisme d\u2019Alger<\/span><\/p>\n<p><span style=\"font-weight: 400;\">Stellvertreter (Startups+ Absolventen): Ismail Chaib (Informatik)<\/span><\/p>\n<p><span style=\"font-weight: 400;\">Stellvertreterin (Forscher): Dr. Naoual Karam, \u00a0research at Fraunhofer Institut)<\/span><\/p>\n<p><span style=\"font-weight: 400;\">Stellvertreter (Studenten): Anes Tabet Derraz<\/span><\/p>\n<p><span style=\"font-weight: 400;\">Schatzmeisterin: \u00a0Sarah Kocabiyik<\/span><\/p>\n<p><span style=\"font-weight: 400;\">Mitgliederverwaltung: Fatima Giuliano <\/span><\/p>\n<p><span style=\"font-weight: 400;\">\u00d6ffentlichkeitsarbeit: Darine Zerani, <\/span><\/p>\n<p><span style=\"font-weight: 400;\">Social-Media Beauftragte\/r: Iman B\u00e4hn<\/span><\/p>\n<p><span style=\"font-weight: 400;\">Webmeister: Fares Mokrani<\/span><\/p>\n<p><span style=\"font-weight: 400;\">Kassenpr\u00fcfer: Nadir <\/span><a href=\"https:\/\/www.google.de\/url?sa=t&amp;rct=j&amp;q=&amp;esrc=s&amp;source=web&amp;cd=1&amp;ved=0ahUKEwjSg5nJgNbZAhXByqQKHS5tD8cQFggrMAA&amp;url=https%3A%2F%2Fde.linkedin.com%2Fin%2Fnadirbenkhellouf&amp;usg=AOvVaw13M_vnoB42QcYexMnkKWSg\"><span style=\"font-weight: 400;\">Nadir Benkhellouf<\/span><\/a><\/p>\n<p><b>Association&#8217;s statutes or association&#8217;s\u00a0regulations<\/b><\/p>\n","protected":false},"excerpt":{"rendered":"<p class=\"teaser\">DAAS (Deutsch- Algerischer Akademiker und Studierender Verein e.V.) is a German association that support students, young graduates, researchers and professionals from an Algerian background in making a dent in Germany. Our aim is to strenghens the bridges that exists between Algerian and Germany through academic and profesional integration. Goals St\u00e4rkung der wissenschaftlichen, akademischen und wirtschaftlichen &hellip;<\/p>\n","protected":false},"author":7,"featured_media":0,"parent":0,"menu_order":0,"comment_status":"closed","ping_status":"closed","template":"","meta":{"footnotes":""},"class_list":["post-15","page","type-page","status-publish","hentry"],"_links":{"self":[{"href":"https:\/\/daas-ev.org\/index.php?rest_route=\/wp\/v2\/pages\/15","targetHints":{"allow":["GET"]}}],"collection":[{"href":"https:\/\/daas-ev.org\/index.php?rest_route=\/wp\/v2\/pages"}],"about":[{"href":"https:\/\/daas-ev.org\/index.php?rest_route=\/wp\/v2\/types\/page"}],"author":[{"embeddable":true,"href":"https:\/\/daas-ev.org\/index.php?rest_route=\/wp\/v2\/users\/7"}],"replies":[{"embeddable":true,"href":"https:\/\/daas-ev.org\/index.php?rest_route=%2Fwp%2Fv2%2Fcomments&post=15"}],"version-history":[{"count":4,"href":"https:\/\/daas-ev.org\/index.php?rest_route=\/wp\/v2\/pages\/15\/revisions"}],"predecessor-version":[{"id":219,"href":"https:\/\/daas-ev.org\/index.php?rest_route=\/wp\/v2\/pages\/15\/revisions\/219"}],"wp:attachment":[{"href":"https:\/\/daas-ev.org\/index.php?rest_route=%2Fwp%2Fv2%2Fmedia&parent=15"}],"curies":[{"name":"wp","href":"https:\/\/api.w.org\/{rel}","templated":true}]}}